{"id":449,"date":"2011-10-17T13:30:35","date_gmt":"2011-10-17T17:30:35","guid":{"rendered":"https:\/\/dev6.industrialmedia.ca\/communitykitchen\/?page_id=449"},"modified":"2026-03-05T17:00:49","modified_gmt":"2026-03-05T22:00:49","slug":"welcome","status":"publish","type":"page","link":"https:\/\/www.kidneycommunitykitchen.ca\/fr\/","title":{"rendered":"Bonjour"},"content":{"rendered":"\n<div class=\"wp-block-group alignfull has-background\" id=\"cta-columns\" style=\"background-color:#eaeaec\"><div class=\"wp-block-group__inner-container is-layout-constrained wp-block-group-is-layout-constrained\">\n<div class=\"wp-block-columns full-width-element-inner g-3 is-layout-flex wp-container-core-columns-is-layout-9d6595d7 wp-block-columns-is-layout-flex\">\n<div class=\"wp-block-column is-vertically-aligned-center position-relative is-layout-flow wp-block-column-is-layout-flow\">\n<div class=\"wp-block-columns are-vertically-aligned-center is-layout-flex wp-container-core-columns-is-layout-9d6595d7 wp-block-columns-is-layout-flex\">\n<div class=\"wp-block-column is-vertically-aligned-center text-end is-layout-flow wp-block-column-is-layout-flow\" style=\"flex-basis:25%\">\n<figure class=\"wp-block-image size-full mb-0\"><img loading=\"lazy\" decoding=\"async\" width=\"78\" height=\"80\" src=\"https:\/\/www.kidneycommunitykitchen.ca\/wp-content\/uploads\/2025\/01\/meal-planner.png\" alt=\"The meal planner \" class=\"wp-image-28621\"\/><\/figure>\n<\/div>\n\n\n\n<div class=\"wp-block-column is-vertically-aligned-center is-layout-flow wp-block-column-is-layout-flow\" style=\"flex-basis:75%\">\n<p class=\"mb-0 has-tkf-magenta-dark-color has-text-color has-link-color has-medium-font-size wp-elements-af46c052dc4b7791bfc6ee38f7dd2511\"><a href=\"https:\/\/www.kidneycommunitykitchen.ca\/fr\/planificateur-de-repas\/\">Planificateur de repas<\/a><\/p>\n\n\n\n<p>Cr\u00e9ez des repas quotidiens ou hebdomadaires sains pour les reins<\/p>\n<\/div>\n<\/div>\n<\/div>\n\n\n\n<div class=\"wp-block-column is-vertically-aligned-center position-relative is-layout-flow wp-block-column-is-layout-flow\">\n<div class=\"wp-block-columns are-vertically-aligned-center is-layout-flex wp-container-core-columns-is-layout-9d6595d7 wp-block-columns-is-layout-flex\">\n<div class=\"wp-block-column is-vertically-aligned-center is-layout-flow wp-block-column-is-layout-flow\" style=\"flex-basis:25%\">\n<figure class=\"wp-block-image size-full mb-0\"><img loading=\"lazy\" decoding=\"async\" width=\"78\" height=\"80\" src=\"https:\/\/www.kidneycommunitykitchen.ca\/wp-content\/uploads\/2025\/01\/kidney-friendly-recipes.png\" alt=\"Recipes\" class=\"wp-image-28623\"\/><\/figure>\n<\/div>\n\n\n\n<div class=\"wp-block-column is-vertically-aligned-center is-layout-flow wp-block-column-is-layout-flow\" style=\"flex-basis:75%\">\n<p class=\"mb-0 has-tkf-magenta-dark-color has-text-color has-link-color has-medium-font-size wp-elements-76a41b3216bbebaf52cdbb61993dfde0\"><a href=\"https:\/\/www.kidneycommunitykitchen.ca\/fr\/recettes\/\">Recettes saines pour les reins<\/a><\/p>\n\n\n\n<p>Explorez une grande vari\u00e9t\u00e9 de recettes con\u00e7ues pour favoriser la sant\u00e9 des&nbsp; reins.<\/p>\n<\/div>\n<\/div>\n<\/div>\n\n\n\n<div class=\"wp-block-column is-vertically-aligned-center position-relative is-layout-flow wp-block-column-is-layout-flow\">\n<div class=\"wp-block-columns are-vertically-aligned-center is-layout-flex wp-container-core-columns-is-layout-9d6595d7 wp-block-columns-is-layout-flex\">\n<div class=\"wp-block-column is-vertically-aligned-center is-layout-flow wp-block-column-is-layout-flow\" style=\"flex-basis:25%\">\n<figure class=\"wp-block-image size-full mb-0\"><img loading=\"lazy\" decoding=\"async\" width=\"78\" height=\"80\" src=\"https:\/\/www.kidneycommunitykitchen.ca\/wp-content\/uploads\/2025\/01\/ask.png\" alt=\"Ask a dietician\" class=\"wp-image-28625\"\/><\/figure>\n<\/div>\n\n\n\n<div class=\"wp-block-column is-vertically-aligned-center is-layout-flow wp-block-column-is-layout-flow\" style=\"flex-basis:75%\">\n<p class=\"mb-0 has-tkf-magenta-dark-color has-text-color has-link-color has-medium-font-size wp-elements-e5cf20f6a19f0944893856016461ddfc\"><a href=\"\/fr\/dietinformation-fr\/renalfaqs-fr\/ask-a-question-fr\/\">Posez une question \u00e0 un.e di\u00e9t\u00e9tiste<\/a><\/p>\n\n\n\n<p>Obtenez des r\u00e9ponses de sp\u00e9cialistes \u00e0 vos questions concernant l&rsquo;alimentation pour les reins.<\/p>\n<\/div>\n<\/div>\n<\/div>\n<\/div>\n<\/div><\/div>\n\n\n\n<div style=\"height:40px\" aria-hidden=\"true\" class=\"wp-block-spacer\"><\/div>\n\n\n\n<div class=\"wp-block-columns is-layout-flex wp-container-core-columns-is-layout-9d6595d7 wp-block-columns-is-layout-flex\">\n<div class=\"wp-block-column is-layout-flow wp-block-column-is-layout-flow\">\n<h4 class=\"wp-block-heading\">Les dernieres recettes saines pour les reins<\/h4>\n\n\n<div class=\"kck-cover-block-wrapper mb-5\">\r\n<div class=\"card has-black-background-color has-black-background-color text-white border-0\">\r\n  <img decoding=\"async\" src=\"https:\/\/www.kidneycommunitykitchen.ca\/wp-content\/uploads\/2026\/03\/Khageena-1-610x406.jpg\" class=\"card-img\" alt=\"Link to Khageena (\u0153ufs brouill\u00e9s pakistanais)\">\r\n  <div class=\"card-img-overlay d-flex\">\r\n    <h2 class=\"cover-block-title mt-auto mb-4\"><a href=\"https:\/\/www.kidneycommunitykitchen.ca\/fr\/recettes\/khageena-adapte-a-la-mrc-oeufs-brouilles-pakistanais\/\" class=\"stretched-link\">Khageena (\u0153ufs brouill\u00e9s pakistanais)<\/a><\/h2>\r\n  <\/div>\r\n<\/div>\r\n<\/div>\r\n    \r\n      <\/div>\n\n\n\n<div class=\"wp-block-column is-layout-flow wp-block-column-is-layout-flow\">\n<h4 class=\"wp-block-heading\">Les derniers articles <\/h4>\n\n\n<div class=\"kck-cover-block-wrapper mb-5\">\r\n<div class=\"card has-black-background-color has-black-background-color text-white border-0\">\r\n  <img decoding=\"async\" src=\"https:\/\/www.kidneycommunitykitchen.ca\/wp-content\/uploads\/2026\/03\/kasem-sleem-4MicXpCNRVY-unsplash-1-610x406.jpg\" class=\"card-img\" alt=\"Link to De l\u2019Iftar \u00e0 l\u2019A\u00efd et m\u00eame apr\u00e8s : comment employer la m\u00e9thode de l\u2019assiette\">\r\n  <div class=\"card-img-overlay d-flex\">\r\n    <h2 class=\"cover-block-title mt-auto mb-4\"><a href=\"https:\/\/www.kidneycommunitykitchen.ca\/fr\/dietitians-blog\/de-liftar-a-laid-et-meme-apres-comment-employer-la-methode-de-lassiette\/\" class=\"stretched-link\">De l\u2019Iftar \u00e0 l\u2019A\u00efd et m\u00eame apr\u00e8s : comment employer la m\u00e9thode de l\u2019assiette<\/a><\/h2>\r\n  <\/div>\r\n<\/div>\r\n<\/div>\r\n    \r\n      <\/div>\n<\/div>\n\n\n\n<div style=\"height:40px\" aria-hidden=\"true\" class=\"wp-block-spacer\"><\/div>\n\n\n\n<div class=\"wp-block-group alignfull has-background\" style=\"background-color:#eaeaec\"><div class=\"wp-block-group__inner-container is-layout-constrained wp-block-group-is-layout-constrained\">\n<div class=\"wp-block-columns full-width-element-inner is-layout-flex wp-container-core-columns-is-layout-9d6595d7 wp-block-columns-is-layout-flex\">\n<div class=\"wp-block-column is-vertically-aligned-center is-layout-flow wp-block-column-is-layout-flow\">\n<h4 class=\"wp-block-heading\">Planificateur de repas gratuit<\/h4>\n\n\n\n<p>Abonnez-vous gratuitement et acc\u00e9dez \u00e0 toutes les fonctionnalit\u00e9s, dont la sauvegarde, la personnalisation et l&rsquo;impression de vos plans de repas sains pour les reins. Prenez votre alimentation en main d\u00e8s aujourd&rsquo;hui!<\/p>\n\n\n\n<div class=\"wp-block-buttons is-layout-flex wp-block-buttons-is-layout-flex\">\n<div class=\"wp-block-button\"><a class=\"wp-block-button__link has-tkf-black-color has-tkf-green-background-color has-text-color has-background has-link-color wp-element-button\" href=\"https:\/\/www.kidneycommunitykitchen.ca\/fr\/register-fr\/\" style=\"border-radius:0px\">REGISTER<\/a><\/div>\n<\/div>\n<\/div>\n\n\n\n<div class=\"wp-block-column is-layout-flow wp-block-column-is-layout-flow\">\n<figure class=\"wp-block-image size-full\"><a href=\"https:\/\/www.kidneycommunitykitchen.ca\/wp-content\/uploads\/2025\/01\/The-Meal-Planner.webp\"><img loading=\"lazy\" decoding=\"async\" width=\"600\" height=\"600\" src=\"https:\/\/www.kidneycommunitykitchen.ca\/wp-content\/uploads\/2025\/01\/The-Meal-Planner.webp\" alt=\"A man and a women preparing a meal\" class=\"wp-image-28627\" srcset=\"https:\/\/www.kidneycommunitykitchen.ca\/wp-content\/uploads\/2025\/01\/The-Meal-Planner.webp 600w, https:\/\/www.kidneycommunitykitchen.ca\/wp-content\/uploads\/2025\/01\/The-Meal-Planner-300x300.webp 300w, https:\/\/www.kidneycommunitykitchen.ca\/wp-content\/uploads\/2025\/01\/The-Meal-Planner-150x150.webp 150w, https:\/\/www.kidneycommunitykitchen.ca\/wp-content\/uploads\/2025\/01\/The-Meal-Planner-400x400.webp 400w\" sizes=\"auto, (max-width: 600px) 100vw, 600px\" \/><\/a><\/figure>\n<\/div>\n\n\n\n<div class=\"wp-block-column is-vertically-aligned-center is-layout-flow wp-block-column-is-layout-flow\">\n<p>Cr\u00e9ez des plans de repas quotidiens et hebdomadaires pour calculer la valeur nutritionnelle de vos aliments.<\/p>\n\n\n\n<p>Avec notre planificateur de repas en ligne facile \u00e0 utiliser,&nbsp; vous pouvez :<\/p>\n\n\n\n<ul class=\"wp-block-list\">\n<li>Suivre des nutriments cl\u00e9s<\/li>\n\n\n\n<li>Planifier vos repas pour les jours \u00e0 venir<\/li>\n\n\n\n<li>Sauvegarder et imprimer vos plans de repas personnalis\u00e9s.<\/li>\n<\/ul>\n<\/div>\n<\/div>\n<\/div><\/div>\n\n\n\n<div style=\"height:40px\" aria-hidden=\"true\" class=\"wp-block-spacer\"><\/div>\n\n\n\n<div class=\"wp-block-columns is-layout-flex wp-container-core-columns-is-layout-9d6595d7 wp-block-columns-is-layout-flex\">\n<div class=\"wp-block-column is-layout-flow wp-block-column-is-layout-flow\">\n<h4 class=\"wp-block-heading\">Ressources pour la gestion du potassium<\/h4>\n\n\n\n<div class=\"wp-block-cover is-light kck-cover-block-wrapper align-items-end\" style=\"min-height:335px;aspect-ratio:unset;\"><img loading=\"lazy\" decoding=\"async\" width=\"504\" height=\"336\" class=\"wp-block-cover__image-background wp-image-28629\" alt=\"Man doing meal prep\" src=\"https:\/\/www.kidneycommunitykitchen.ca\/wp-content\/uploads\/2025\/01\/man-doing-meal-prep.webp\" data-object-fit=\"cover\" srcset=\"https:\/\/www.kidneycommunitykitchen.ca\/wp-content\/uploads\/2025\/01\/man-doing-meal-prep.webp 504w, https:\/\/www.kidneycommunitykitchen.ca\/wp-content\/uploads\/2025\/01\/man-doing-meal-prep-300x200.webp 300w\" sizes=\"auto, (max-width: 504px) 100vw, 504px\" \/><span aria-hidden=\"true\" class=\"wp-block-cover__background has-tkf-blue-dark-background-color has-background-dim-30 has-background-dim\"><\/span><div class=\"wp-block-cover__inner-container is-layout-constrained wp-block-cover-is-layout-constrained\">\n<div class=\"wp-block-group card-group\"><div class=\"wp-block-group__inner-container is-layout-constrained wp-block-group-is-layout-constrained\">\n<h2 class=\"wp-block-heading has-white-color has-text-color has-link-color has-medium-font-size wp-elements-4ec09854898376c7df5437239072b0da\"><a href=\"https:\/\/www.kidneycommunitykitchen.ca\/fr\/ressources-pour-la-gestion-du-potassiums\/\" data-type=\"link\" data-id=\"https:\/\/www.kidneycommunitykitchen.ca\/fr\/ressources-pour-la-gestion-du-potassiums\/\">Acc\u00e9dez \u00e0 toutes nos ressources pour la gestion du potassium<\/a><\/h2>\n<\/div><\/div>\n<\/div><\/div>\n<\/div>\n\n\n\n<div class=\"wp-block-column is-layout-flow wp-block-column-is-layout-flow\">\n<h4 class=\"wp-block-heading\">Desserts<\/h4>\n\n\n\n<div class=\"wp-block-cover kck-cover-block-wrapper align-items-end\" style=\"min-height:335px;aspect-ratio:unset;\"><img loading=\"lazy\" decoding=\"async\" width=\"534\" height=\"336\" class=\"wp-block-cover__image-background wp-image-28631\" alt=\"High Energy Blueberry Muffins\" src=\"https:\/\/www.kidneycommunitykitchen.ca\/wp-content\/uploads\/2025\/01\/High-energy-Berry-Muffin_Photo-by-Aneta-Voborilova-on-Unsplash.jpg\" data-object-fit=\"cover\" srcset=\"https:\/\/www.kidneycommunitykitchen.ca\/wp-content\/uploads\/2025\/01\/High-energy-Berry-Muffin_Photo-by-Aneta-Voborilova-on-Unsplash.jpg 534w, https:\/\/www.kidneycommunitykitchen.ca\/wp-content\/uploads\/2025\/01\/High-energy-Berry-Muffin_Photo-by-Aneta-Voborilova-on-Unsplash-300x189.jpg 300w\" sizes=\"auto, (max-width: 534px) 100vw, 534px\" \/><span aria-hidden=\"true\" class=\"wp-block-cover__background has-tkf-blue-dark-background-color has-background-dim-30 has-background-dim\"><\/span><div class=\"wp-block-cover__inner-container is-layout-constrained wp-block-cover-is-layout-constrained\">\n<div class=\"wp-block-group card-group\"><div class=\"wp-block-group__inner-container is-layout-constrained wp-block-group-is-layout-constrained\">\n<h2 class=\"wp-block-heading has-white-color has-text-color has-link-color has-medium-font-size wp-elements-16f08b58ec3f9dd3e1791dfd86389f81\"><a class=\"stretched-link\" href=\"https:\/\/www.kidneycommunitykitchen.ca\/fr\/mealcategory\/desserts-fr\/\">Faites-vous un petit plaisir sucr\u00e9<\/a><\/h2>\n<\/div><\/div>\n<\/div><\/div>\n<\/div>\n<\/div>\n\n\n\n<div style=\"height:40px\" aria-hidden=\"true\" class=\"wp-block-spacer\"><\/div>\n\n\n\n<p class=\"screen-reader-text\">Kidney community kitchen<\/p>\n\n\n\n<div class=\"wp-block-group cta-logo-background has-white-color has-tkf-blue-dark-background-color has-text-color has-background has-link-color wp-elements-e35398447e9928304a730020a3e7b05c\"><div class=\"wp-block-group__inner-container is-layout-constrained wp-block-group-is-layout-constrained\">\n<div class=\"wp-block-columns is-layout-flex wp-container-core-columns-is-layout-9d6595d7 wp-block-columns-is-layout-flex\">\n<div class=\"wp-block-column is-layout-flow wp-block-column-is-layout-flow\" style=\"flex-basis:66.66%\">\n<p class=\"has-white-color has-text-color has-link-color has-medium-font-size wp-elements-7ef0854816750ed142c1354a84b8add2\"><strong>Abonnez-vous \u00e0 notre infolettre<\/strong><\/p>\n\n\n\n<p class=\"has-white-color has-text-color has-link-color wp-elements-2635e8e85f895fbf4f2652de1d53230e\">Nous vous enverrons des informations utiles tous les trimestres sur l&rsquo;alimentation, la nutrition et des recettes de saison. Abonnez-vous \u00e0 l&rsquo;infolettre \u00e9lectronique de Cuisine et sant\u00e9 r\u00e9nale d\u00e8s aujourd&rsquo;hui.<\/p>\n<\/div>\n\n\n\n<div class=\"wp-block-column is-vertically-aligned-center is-layout-flow wp-block-column-is-layout-flow\" style=\"flex-basis:33.33%\">\n<div class=\"wp-block-buttons is-content-justification-center is-layout-flex wp-container-core-buttons-is-layout-16018d1d wp-block-buttons-is-layout-flex\">\n<div class=\"wp-block-button\"><a class=\"wp-block-button__link has-tkf-black-color has-tkf-green-background-color has-text-color has-background has-link-color wp-element-button\" href=\"https:\/\/mailchi.mp\/kidney\/2fbjx781pi\" style=\"border-radius:0px\" target=\"_blank\" rel=\" noreferrer noopener nofollow\">SIGN UP<\/a><\/div>\n<\/div>\n<\/div>\n<\/div>\n<\/div><\/div>\n\n\n\n<div style=\"height:40px\" aria-hidden=\"true\" class=\"wp-block-spacer\"><\/div>\n\n\n\n<p><\/p>\n","protected":false},"excerpt":{"rendered":"<p>Planificateur de repas Cr\u00e9ez des repas quotidiens ou hebdomadaires sains pour les reins Recettes saines pour les reins Explorez une [&hellip;]<\/p>\n","protected":false},"author":1,"featured_media":11382,"parent":0,"menu_order":7,"comment_status":"closed","ping_status":"open","template":"front-page.php","meta":{"_acf_changed":true,"pmpro_default_level":"","footnotes":""},"class_list":["post-449","page","type-page","status-publish","has-post-thumbnail","hentry","pmpro-has-access"],"acf":[],"_links":{"self":[{"href":"https:\/\/www.kidneycommunitykitchen.ca\/fr\/wp-json\/wp\/v2\/pages\/449","targetHints":{"allow":["GET"]}}],"collection":[{"href":"https:\/\/www.kidneycommunitykitchen.ca\/fr\/wp-json\/wp\/v2\/pages"}],"about":[{"href":"https:\/\/www.kidneycommunitykitchen.ca\/fr\/wp-json\/wp\/v2\/types\/page"}],"author":[{"embeddable":true,"href":"https:\/\/www.kidneycommunitykitchen.ca\/fr\/wp-json\/wp\/v2\/users\/1"}],"replies":[{"embeddable":true,"href":"https:\/\/www.kidneycommunitykitchen.ca\/fr\/wp-json\/wp\/v2\/comments?post=449"}],"version-history":[{"count":0,"href":"https:\/\/www.kidneycommunitykitchen.ca\/fr\/wp-json\/wp\/v2\/pages\/449\/revisions"}],"wp:featuredmedia":[{"embeddable":true,"href":"https:\/\/www.kidneycommunitykitchen.ca\/fr\/wp-json\/wp\/v2\/media\/11382"}],"wp:attachment":[{"href":"https:\/\/www.kidneycommunitykitchen.ca\/fr\/wp-json\/wp\/v2\/media?parent=449"}],"curies":[{"name":"wp","href":"https:\/\/api.w.org\/{rel}","templated":true}]}}