{"id":28857,"date":"2025-03-11T13:55:00","date_gmt":"2025-03-11T17:55:00","guid":{"rendered":"https:\/\/www.kidneycommunitykitchen.ca\/?page_id=28857"},"modified":"2025-06-02T15:53:28","modified_gmt":"2025-06-02T19:53:28","slug":"conseils-et-fiche-de-renseignements","status":"publish","type":"page","link":"https:\/\/www.kidneycommunitykitchen.ca\/fr\/conseils-et-fiche-de-renseignements\/","title":{"rendered":"Conseils et fiches de renseignements"},"content":{"rendered":"\n<ul class=\"wp-block-list\">\n<li><a href=\"https:\/\/www.kidneycommunitykitchen.ca\/wp-content\/uploads\/2020\/10\/Sodium_sel_et_IRC_2020.pdf\">Le sodium (sel) et l\u2019insuffisance r\u00e9nale chronique (PDF)<\/a><\/li>\n\n\n\n<li><a href=\"https:\/\/www.kidneycommunitykitchen.ca\/wp-content\/uploads\/2020\/10\/Diabete-et-IRC-2020.pdf\">Recommandations nutritionnelles en cas de diab\u00e8te et d\u2019insuffisance r\u00e9nale chronique (PDF)<\/a><\/li>\n\n\n\n<li><a href=\"\/wp-content\/uploads\/2021\/06\/Le-Phosphore-et-IRC-2020.pdf\">Le phosphore (phosphate) et l\u2019insuffisance r\u00e9nale chronique (PDF)<\/a><\/li>\n\n\n\n<li><a href=\"https:\/\/www.kidneycommunitykitchen.ca\/wp-content\/uploads\/2025\/06\/FR_Potassium-Fact-Sheet-Accessible.pdf\" target=\"_blank\" rel=\"noreferrer noopener\">Potassium et maladie r\u00e9nale chronique (PDF)<\/a><\/li>\n\n\n\n<li><a href=\"https:\/\/www.kidneycommunitykitchen.ca\/wp-content\/uploads\/2020\/10\/La-bacterie-E.-coli-2020.pdf\">La bact\u00e9rie E. coli (PDF)<\/a><\/li>\n\n\n\n<li><a href=\"https:\/\/www.kidneycommunitykitchen.ca\/wp-content\/uploads\/2020\/10\/Que_faire_en_cas_de_manque_dappetit_2020.pdf\" target=\"_blank\" rel=\"noreferrer noopener\">Que faire en cas de manque d\u2019app\u00e9tit (PDF)<\/a><\/li>\n\n\n\n<li><a href=\"https:\/\/www.kidneycommunitykitchen.ca\/wp-content\/uploads\/2020\/10\/Repas_simples_a_preparer_2020.pdf\" target=\"_blank\" rel=\"noreferrer noopener\">Repas simples \u00e0 pr\u00e9parer (PDF)<\/a><\/li>\n\n\n\n<li><a href=\"https:\/\/www.kidneycommunitykitchen.ca\/wp-content\/uploads\/2020\/10\/Repas_economes_et_sains_pour_les_reins_2020.pdf\" target=\"_blank\" rel=\"noreferrer noopener\">Repas \u00e9conomes et sains pour les reins (PDF)<\/a><\/li>\n\n\n\n<li><a href=\"https:\/\/www.kidneycommunitykitchen.ca\/wp-content\/uploads\/2020\/10\/La_salubrite_des_alimnets_pour_les_patients_ayant_une_maladie_du_rein_2020.pdf\" target=\"_blank\" rel=\"noreferrer noopener\">La salubrit\u00e9 des aliments pour les patients ayant une maladie du rein (PDF)<\/a><\/li>\n\n\n\n<li><a href=\"https:\/\/www.kidneycommunitykitchen.ca\/wp-content\/uploads\/2020\/10\/Ingredients_et_des_substitutions_de_recette_favorables_a_la_fonction_renale_2020.pdf\">Ingr\u00e9dients et substitutions de recette favorables \u00e0 la fonction r\u00e9nale (PDF)<\/a><\/li>\n\n\n\n<li><a href=\"https:\/\/www.kidneycommunitykitchen.ca\/wp-content\/uploads\/2020\/02\/Quelques-faits-sur-les-calculs-r\u00e9naux-2020.pdf\" target=\"_blank\" rel=\"noreferrer noopener\">R\u00e9duire les risques li\u00e9s aux calculs r\u00e9naux (PDF)<\/a><\/li>\n\n\n\n<li><a href=\"https:\/\/www.kidneycommunitykitchen.ca\/wp-content\/uploads\/2020\/10\/Modifier_les_recettes_pour_favoriser_la_fonction_renale_2020.pdf\" target=\"_blank\" rel=\"noreferrer noopener\">Modifier les recettes pour favoriser la fonction r\u00e9nale (PDF)<\/a><\/li>\n\n\n\n<li><a href=\"https:\/\/www.kidneycommunitykitchen.ca\/wp-content\/uploads\/2020\/10\/Les_restaurants_et_le_regime_de_sante_renale_2020.pdf\" target=\"_blank\" rel=\"noreferrer noopener\">Les restaurants et le r\u00e9gime de sant\u00e9 r\u00e9nale (PDF)<\/a><\/li>\n\n\n\n<li><a href=\"https:\/\/www.kidneycommunitykitchen.ca\/wp-content\/uploads\/2020\/10\/Concilier_les_banques_alimentaires_et_les_dietes_pour_linsuffisance_renale_2020.pdf\" target=\"_blank\" rel=\"noreferrer noopener\">Concilier les banques alimentaires et les di\u00e9tes pour insuffisance r\u00e9nale <\/a>(PDF)<\/li>\n\n\n\n<li><a href=\"https:\/\/www.kidneycommunitykitchen.ca\/wp-content\/uploads\/2022\/04\/OPTIONS-DE-PROTEINES-DORIGINE-VEGETALE-04.30.22.pdf\" target=\"_blank\" rel=\"noreferrer noopener\">Options de prot\u00e9ines d&rsquo;origine v\u00e9g\u00e9tale (PDF)<\/a><\/li>\n<\/ul>\n","protected":false},"excerpt":{"rendered":"","protected":false},"author":1221,"featured_media":0,"parent":0,"menu_order":0,"comment_status":"closed","ping_status":"closed","template":"","meta":{"_acf_changed":false,"pmpro_default_level":"","footnotes":""},"class_list":["post-28857","page","type-page","status-publish","hentry","pmpro-has-access"],"acf":[],"_links":{"self":[{"href":"https:\/\/www.kidneycommunitykitchen.ca\/fr\/wp-json\/wp\/v2\/pages\/28857","targetHints":{"allow":["GET"]}}],"collection":[{"href":"https:\/\/www.kidneycommunitykitchen.ca\/fr\/wp-json\/wp\/v2\/pages"}],"about":[{"href":"https:\/\/www.kidneycommunitykitchen.ca\/fr\/wp-json\/wp\/v2\/types\/page"}],"author":[{"embeddable":true,"href":"https:\/\/www.kidneycommunitykitchen.ca\/fr\/wp-json\/wp\/v2\/users\/1221"}],"replies":[{"embeddable":true,"href":"https:\/\/www.kidneycommunitykitchen.ca\/fr\/wp-json\/wp\/v2\/comments?post=28857"}],"version-history":[{"count":0,"href":"https:\/\/www.kidneycommunitykitchen.ca\/fr\/wp-json\/wp\/v2\/pages\/28857\/revisions"}],"wp:attachment":[{"href":"https:\/\/www.kidneycommunitykitchen.ca\/fr\/wp-json\/wp\/v2\/media?parent=28857"}],"curies":[{"name":"wp","href":"https:\/\/api.w.org\/{rel}","templated":true}]}}