{"id":24460,"date":"2021-07-15T17:21:08","date_gmt":"2021-07-15T21:21:08","guid":{"rendered":"https:\/\/www.kidneycommunitykitchen.ca\/?page_id=24460"},"modified":"2025-06-16T16:51:51","modified_gmt":"2025-06-16T20:51:51","slug":"dadhesion-a-cuisine-et-sante-renale","status":"publish","type":"page","link":"https:\/\/www.kidneycommunitykitchen.ca\/fr\/dadhesion-a-cuisine-et-sante-renale\/","title":{"rendered":"Adh\u00e9sion \u00e0 Cuisine et sant\u00e9 r\u00e9nale"},"content":{"rendered":"\n<p>Merci d&rsquo;avoir soumis votre demande d\u2019adh\u00e9sion \u00e0 Cuisine et sant\u00e9 r\u00e9nale. Vous recevrez un courriel de suivi lorsque le compte aura \u00e9t\u00e9 approuv\u00e9.<\/p>\n","protected":false},"excerpt":{"rendered":"<p>Merci d&rsquo;avoir soumis votre demande d\u2019adh\u00e9sion \u00e0 Cuisine et sant\u00e9 r\u00e9nale. Vous recevrez un courriel de suivi lorsque le compte [&hellip;]<\/p>\n","protected":false},"author":21642,"featured_media":0,"parent":0,"menu_order":0,"comment_status":"closed","ping_status":"closed","template":"","meta":{"_acf_changed":false,"pmpro_default_level":"","footnotes":""},"class_list":["post-24460","page","type-page","status-publish","hentry","pmpro-has-access"],"acf":[],"_links":{"self":[{"href":"https:\/\/www.kidneycommunitykitchen.ca\/fr\/wp-json\/wp\/v2\/pages\/24460","targetHints":{"allow":["GET"]}}],"collection":[{"href":"https:\/\/www.kidneycommunitykitchen.ca\/fr\/wp-json\/wp\/v2\/pages"}],"about":[{"href":"https:\/\/www.kidneycommunitykitchen.ca\/fr\/wp-json\/wp\/v2\/types\/page"}],"author":[{"embeddable":true,"href":"https:\/\/www.kidneycommunitykitchen.ca\/fr\/wp-json\/wp\/v2\/users\/21642"}],"replies":[{"embeddable":true,"href":"https:\/\/www.kidneycommunitykitchen.ca\/fr\/wp-json\/wp\/v2\/comments?post=24460"}],"version-history":[{"count":0,"href":"https:\/\/www.kidneycommunitykitchen.ca\/fr\/wp-json\/wp\/v2\/pages\/24460\/revisions"}],"wp:attachment":[{"href":"https:\/\/www.kidneycommunitykitchen.ca\/fr\/wp-json\/wp\/v2\/media?parent=24460"}],"curies":[{"name":"wp","href":"https:\/\/api.w.org\/{rel}","templated":true}]}}