{"id":12229,"date":"2020-03-03T15:29:27","date_gmt":"2020-03-03T20:29:27","guid":{"rendered":"https:\/\/www.kidneycommunitykitchen.ca\/?page_id=12229"},"modified":"2020-03-05T13:22:15","modified_gmt":"2020-03-05T18:22:15","slug":"avis-medical","status":"publish","type":"page","link":"https:\/\/www.kidneycommunitykitchen.ca\/fr\/avis-medical\/","title":{"rendered":"Avis medical"},"content":{"rendered":"\n<h4 class=\"wp-block-heading\">La documentation contenue dans ce site ne saurait \u00eatre consid\u00e9r\u00e9e comme des conseils m\u00e9dicaux ; elle est donn\u00e9e purement \u00e0 titre d&rsquo;information. Aucune personne associ\u00e9e avec La Fondation canadienne du rein ne r\u00e9pondra \u00e0 des questions m\u00e9dicales par courrier \u00e9lectronique. Veuillez consulter un professionnel de la sant\u00e9 pour des recommandations pr\u00e9cises en mati\u00e8re de traitements.&nbsp; <\/h4>\n","protected":false},"excerpt":{"rendered":"<p>La documentation contenue dans ce site ne saurait \u00eatre consid\u00e9r\u00e9e comme des conseils m\u00e9dicaux ; elle est donn\u00e9e purement \u00e0 [&hellip;]<\/p>\n","protected":false},"author":1,"featured_media":0,"parent":0,"menu_order":0,"comment_status":"closed","ping_status":"closed","template":"","meta":{"_acf_changed":false,"pmpro_default_level":"","footnotes":""},"class_list":["post-12229","page","type-page","status-publish","hentry","pmpro-has-access"],"acf":[],"_links":{"self":[{"href":"https:\/\/www.kidneycommunitykitchen.ca\/fr\/wp-json\/wp\/v2\/pages\/12229","targetHints":{"allow":["GET"]}}],"collection":[{"href":"https:\/\/www.kidneycommunitykitchen.ca\/fr\/wp-json\/wp\/v2\/pages"}],"about":[{"href":"https:\/\/www.kidneycommunitykitchen.ca\/fr\/wp-json\/wp\/v2\/types\/page"}],"author":[{"embeddable":true,"href":"https:\/\/www.kidneycommunitykitchen.ca\/fr\/wp-json\/wp\/v2\/users\/1"}],"replies":[{"embeddable":true,"href":"https:\/\/www.kidneycommunitykitchen.ca\/fr\/wp-json\/wp\/v2\/comments?post=12229"}],"version-history":[{"count":0,"href":"https:\/\/www.kidneycommunitykitchen.ca\/fr\/wp-json\/wp\/v2\/pages\/12229\/revisions"}],"wp:attachment":[{"href":"https:\/\/www.kidneycommunitykitchen.ca\/fr\/wp-json\/wp\/v2\/media?parent=12229"}],"curies":[{"name":"wp","href":"https:\/\/api.w.org\/{rel}","templated":true}]}}