{"id":12119,"date":"2020-02-19T22:57:40","date_gmt":"2020-02-20T03:57:40","guid":{"rendered":"https:\/\/www.kidneycommunitykitchen.ca\/?page_id=12119"},"modified":"2021-02-03T16:12:13","modified_gmt":"2021-02-03T21:12:13","slug":"a-propos-de-nous","status":"publish","type":"page","link":"https:\/\/www.kidneycommunitykitchen.ca\/fr\/a-propos-de-nous\/","title":{"rendered":"\u00c0 propos de nous"},"content":{"rendered":"\n<p>Le site web Cuisine et sant\u00e9 r\u00e9nale a vu le jour gr\u00e2ce \u00e0 un legs g\u00e9n\u00e9reux de la part de James MacOwen Andrews. Lui-m\u00eame aux prises avec l\u2019insuffisance r\u00e9nale, il estimait qu\u2019un site consacr\u00e9 \u00e0 des recettes tout indiqu\u00e9es pour les reins serait b\u00e9n\u00e9fique pour les personnes atteintes de cette maladie. Si elle est d\u00e9tect\u00e9e t\u00f4t, l\u2019insuffisance r\u00e9nale chronique peut \u00eatre prise en charge de mani\u00e8re \u00e0 retarder ou \u00e0 pr\u00e9venir l\u2019apparition d\u2019une insuffisance r\u00e9nale terminale et \u00e0 r\u00e9duire les risques d\u2019autres complications. La nutrition joue un r\u00f4le important dans la prise en charge de cette maladie. L&rsquo;objectif du site Cuisine et sant\u00e9 r\u00e9nale est de permettre \u00e0 ses utilisateurs, par le biais d&rsquo;informations et de ressources, de se prendre en main et de le g\u00e9rer leur \u00e9tat au mieux de leurs capacit\u00e9s. De plus, le site vise \u00e0 rendre la pr\u00e9paration de repas aussi facile et amusante que possible pour des gens \u00e0 qui l&rsquo;on a dit que plusieurs aliments sont interdits.<\/p>\n\n\n\n<p>La Fondation du rein est guid\u00e9e par trois principes fondamentaux : innovation, leadership et collaboration.<\/p>\n\n\n\n<p>Une excellente sant\u00e9 r\u00e9nale, une qualit\u00e9 de vie optimale et la d\u00e9couverte d\u2019un traitement curatif de l\u2019insuffisance r\u00e9nale \u2013 voil\u00e0, depuis plus de 50 ans, la vision qui nous guide et fait de nous un leader qui privil\u00e9gie la collaboration et l\u2019inventivit\u00e9 dans l\u2019\u00e9laboration de programmes, de services, de possibilit\u00e9s de recherche et de campagnes de sensibilisation ayant un impact positif sur les millions de Canadiens aux prises avec l\u2019insuffisance r\u00e9nale ou pr\u00e9sentant des risques de l\u2019\u00eatre. <a href=\"https:\/\/rein.ca\/A-propos-de-nous\">Cliquez pour en savoir plus<\/a>.<\/p>\n","protected":false},"excerpt":{"rendered":"<p>Le site web Cuisine et sant\u00e9 r\u00e9nale a vu le jour gr\u00e2ce \u00e0 un legs g\u00e9n\u00e9reux de la part de [&hellip;]<\/p>\n","protected":false},"author":1,"featured_media":0,"parent":0,"menu_order":0,"comment_status":"closed","ping_status":"closed","template":"","meta":{"_acf_changed":false,"pmpro_default_level":"","footnotes":""},"class_list":["post-12119","page","type-page","status-publish","hentry","pmpro-has-access"],"acf":[],"_links":{"self":[{"href":"https:\/\/www.kidneycommunitykitchen.ca\/fr\/wp-json\/wp\/v2\/pages\/12119","targetHints":{"allow":["GET"]}}],"collection":[{"href":"https:\/\/www.kidneycommunitykitchen.ca\/fr\/wp-json\/wp\/v2\/pages"}],"about":[{"href":"https:\/\/www.kidneycommunitykitchen.ca\/fr\/wp-json\/wp\/v2\/types\/page"}],"author":[{"embeddable":true,"href":"https:\/\/www.kidneycommunitykitchen.ca\/fr\/wp-json\/wp\/v2\/users\/1"}],"replies":[{"embeddable":true,"href":"https:\/\/www.kidneycommunitykitchen.ca\/fr\/wp-json\/wp\/v2\/comments?post=12119"}],"version-history":[{"count":0,"href":"https:\/\/www.kidneycommunitykitchen.ca\/fr\/wp-json\/wp\/v2\/pages\/12119\/revisions"}],"wp:attachment":[{"href":"https:\/\/www.kidneycommunitykitchen.ca\/fr\/wp-json\/wp\/v2\/media?parent=12119"}],"curies":[{"name":"wp","href":"https:\/\/api.w.org\/{rel}","templated":true}]}}